{"id":23,"date":"2026-03-02T10:58:22","date_gmt":"2026-03-02T09:58:22","guid":{"rendered":"http:\/\/gutachterschneider.de\/?page_id=23"},"modified":"2026-04-14T23:17:27","modified_gmt":"2026-04-14T21:17:27","slug":"ueber-uns","status":"publish","type":"page","link":"https:\/\/www.gutachterschneider.de\/?page_id=23","title":{"rendered":"\u00dcber mich"},"content":{"rendered":"\n<h2 class=\"wp-block-heading has-text-align-center\">Presse<\/h2>\n\n\n\n<p>\u00dcber meine Arbeit und meinen beruflichen Weg wurde bereits mehrfach in regionalen Medien berichtet.<br> Im Fokus steht dabei mein Wechsel aus einer F\u00fchrungsposition in der Automobilbranche in die Selbstst\u00e4ndigkeit als unabh\u00e4ngiger Kfz-Sachverst\u00e4ndiger in Wolfsburg.<br>Die Berichterstattung zeigt: Fachliche Kompetenz, Praxiserfahrung und unternehmerisches Denken bilden die Grundlage meiner Arbeit.<\/p>\n\n\n\n<p><a href=\"https:\/\/www.braunschweiger-zeitung.de\/niedersachsen\/wolfsburg\/article411554551\/vom-firmenmanager-zum-ein-mann-unternehmen-wolfsburger-wagt-mutigen-schritt.html\">https:\/\/www.braunschweiger-zeitung.de\/niedersachsen\/wolfsburg\/article411554551\/vom-firmenmanager-zum-ein-mann-unternehmen-wolfsburger-wagt-mutigen-schritt.html<\/a><\/p>\n\n\n\n<p><a href=\"https:\/\/www.waz-online.de\/lokales\/wolfsburg\/vw-krise-ex-zulieferer-mitarbeiter-macht-sich-lieber-selbststaendig-F2J5G2C3XZAXPCJQBG3465AEGI.html\">https:\/\/www.waz-online.de\/lokales\/wolfsburg\/vw-krise-ex-zulieferer-mitarbeiter-macht-sich-lieber-selbststaendig-F2J5G2C3XZAXPCJQBG3465AEGI.html<\/a><\/p>\n\n\n\n<div class=\"wp-block-columns is-layout-flex wp-container-core-columns-is-layout-28f84493 wp-block-columns-is-layout-flex\">\n<div class=\"wp-block-column is-layout-flow wp-block-column-is-layout-flow\">\n<figure class=\"wp-block-image size-full\"><img loading=\"lazy\" decoding=\"async\" width=\"1199\" height=\"1139\" src=\"https:\/\/www.gutachterschneider.de\/wp-content\/uploads\/2026\/03\/Zeitung_WN-4.jpg\" alt=\"\" class=\"wp-image-350\"\/><\/figure>\n<\/div>\n\n\n\n<div class=\"wp-block-column is-layout-flow wp-block-column-is-layout-flow\">\n<figure class=\"wp-block-image size-full\"><img loading=\"lazy\" decoding=\"async\" width=\"993\" height=\"1229\" src=\"https:\/\/www.gutachterschneider.de\/wp-content\/uploads\/2026\/04\/324c5dbf-1485-43d8-b8ff-7ae6aefdf372.jpeg\" alt=\"\" class=\"wp-image-419\" srcset=\"https:\/\/www.gutachterschneider.de\/wp-content\/uploads\/2026\/04\/324c5dbf-1485-43d8-b8ff-7ae6aefdf372.jpeg 993w, https:\/\/www.gutachterschneider.de\/wp-content\/uploads\/2026\/04\/324c5dbf-1485-43d8-b8ff-7ae6aefdf372-242x300.jpeg 242w, https:\/\/www.gutachterschneider.de\/wp-content\/uploads\/2026\/04\/324c5dbf-1485-43d8-b8ff-7ae6aefdf372-827x1024.jpeg 827w, https:\/\/www.gutachterschneider.de\/wp-content\/uploads\/2026\/04\/324c5dbf-1485-43d8-b8ff-7ae6aefdf372-768x951.jpeg 768w\" sizes=\"auto, (max-width: 993px) 100vw, 993px\" \/><\/figure>\n<\/div>\n<\/div>\n","protected":false},"excerpt":{"rendered":"<p>Presse \u00dcber meine Arbeit und meinen beruflichen Weg wurde bereits mehrfach in regionalen Medien berichtet. Im Fokus steht dabei mein [&hellip;]<\/p>\n","protected":false},"author":1,"featured_media":0,"parent":0,"menu_order":0,"comment_status":"closed","ping_status":"closed","template":"","meta":{"site-sidebar-layout":"default","site-content-layout":"","ast-site-content-layout":"default","site-content-style":"default","site-sidebar-style":"default","ast-global-header-display":"","ast-banner-title-visibility":"","ast-main-header-display":"","ast-hfb-above-header-display":"","ast-hfb-below-header-display":"","ast-hfb-mobile-header-display":"","site-post-title":"disabled","ast-breadcrumbs-content":"","ast-featured-img":"","footer-sml-layout":"","ast-disable-related-posts":"","theme-transparent-header-meta":"","adv-header-id-meta":"","stick-header-meta":"","header-above-stick-meta":"","header-main-stick-meta":"","header-below-stick-meta":"","astra-migrate-meta-layouts":"default","ast-page-background-enabled":"default","ast-page-background-meta":{"desktop":{"background-color":"var(--ast-global-color-5)","background-image":"","background-repeat":"repeat","background-position":"center center","background-size":"auto","background-attachment":"scroll","background-type":"","background-media":"","overlay-type":"","overlay-color":"","overlay-opacity":"","overlay-gradient":""},"tablet":{"background-color":"","background-image":"","background-repeat":"repeat","background-position":"center center","background-size":"auto","background-attachment":"scroll","background-type":"","background-media":"","overlay-type":"","overlay-color":"","overlay-opacity":"","overlay-gradient":""},"mobile":{"background-color":"","background-image":"","background-repeat":"repeat","background-position":"center center","background-size":"auto","background-attachment":"scroll","background-type":"","background-media":"","overlay-type":"","overlay-color":"","overlay-opacity":"","overlay-gradient":""}},"ast-content-background-meta":{"desktop":{"background-color":"var(--ast-global-color-4)","background-image":"","background-repeat":"repeat","background-position":"center center","background-size":"auto","background-attachment":"scroll","background-type":"","background-media":"","overlay-type":"","overlay-color":"","overlay-opacity":"","overlay-gradient":""},"tablet":{"background-color":"var(--ast-global-color-4)","background-image":"","background-repeat":"repeat","background-position":"center center","background-size":"auto","background-attachment":"scroll","background-type":"","background-media":"","overlay-type":"","overlay-color":"","overlay-opacity":"","overlay-gradient":""},"mobile":{"background-color":"var(--ast-global-color-4)","background-image":"","background-repeat":"repeat","background-position":"center center","background-size":"auto","background-attachment":"scroll","background-type":"","background-media":"","overlay-type":"","overlay-color":"","overlay-opacity":"","overlay-gradient":""}},"footnotes":""},"class_list":["post-23","page","type-page","status-publish","hentry"],"_links":{"self":[{"href":"https:\/\/www.gutachterschneider.de\/index.php?rest_route=\/wp\/v2\/pages\/23","targetHints":{"allow":["GET"]}}],"collection":[{"href":"https:\/\/www.gutachterschneider.de\/index.php?rest_route=\/wp\/v2\/pages"}],"about":[{"href":"https:\/\/www.gutachterschneider.de\/index.php?rest_route=\/wp\/v2\/types\/page"}],"author":[{"embeddable":true,"href":"https:\/\/www.gutachterschneider.de\/index.php?rest_route=\/wp\/v2\/users\/1"}],"replies":[{"embeddable":true,"href":"https:\/\/www.gutachterschneider.de\/index.php?rest_route=%2Fwp%2Fv2%2Fcomments&post=23"}],"version-history":[{"count":12,"href":"https:\/\/www.gutachterschneider.de\/index.php?rest_route=\/wp\/v2\/pages\/23\/revisions"}],"predecessor-version":[{"id":420,"href":"https:\/\/www.gutachterschneider.de\/index.php?rest_route=\/wp\/v2\/pages\/23\/revisions\/420"}],"wp:attachment":[{"href":"https:\/\/www.gutachterschneider.de\/index.php?rest_route=%2Fwp%2Fv2%2Fmedia&parent=23"}],"curies":[{"name":"wp","href":"https:\/\/api.w.org\/{rel}","templated":true}]}}